{"id":277,"date":"2019-08-14T14:11:58","date_gmt":"2019-08-14T14:11:58","guid":{"rendered":"http:\/\/as-aseo.com\/?page_id=277"},"modified":"2019-09-28T15:25:44","modified_gmt":"2019-09-28T15:25:44","slug":"nosotros","status":"publish","type":"page","link":"https:\/\/as-aseo.com\/index.php\/nosotros\/","title":{"rendered":"Nosotros"},"content":{"rendered":"\t\t<div data-elementor-type=\"wp-post\" data-elementor-id=\"277\" class=\"elementor elementor-277\">\n\t\t\t\t\t\t<section class=\"elementor-section elementor-top-section elementor-element elementor-element-01508f7 elementor-section-boxed elementor-section-height-default elementor-section-height-default\" data-id=\"01508f7\" data-element_type=\"section\" data-e-type=\"section\">\n\t\t\t\t\t\t<div class=\"elementor-container elementor-column-gap-default\">\n\t\t\t\t\t<div class=\"elementor-column elementor-col-100 elementor-top-column elementor-element elementor-element-c27969f\" data-id=\"c27969f\" data-element_type=\"column\" data-e-type=\"column\">\n\t\t\t<div class=\"elementor-widget-wrap elementor-element-populated\">\n\t\t\t\t\t\t<div class=\"elementor-element elementor-element-3c9d29f elementor-view-stacked elementor-shape-circle elementor-widget elementor-widget-icon\" data-id=\"3c9d29f\" data-element_type=\"widget\" data-e-type=\"widget\" data-widget_type=\"icon.default\">\n\t\t\t\t<div class=\"elementor-widget-container\">\n\t\t\t\t\t\t\t<div class=\"elementor-icon-wrapper\">\n\t\t\t<div class=\"elementor-icon\">\n\t\t\t<svg xmlns=\"http:\/\/www.w3.org\/2000\/svg\" xmlns:xlink=\"http:\/\/www.w3.org\/1999\/xlink\" viewBox=\"0 0 329.983 329.983\" width=\"512px\" height=\"512px\"><g><g><path d=\"m175.426,1.282c-2.472,0-4.784,1.217-6.183,3.255-4.089,5.955-100.145,146.668-100.145,217.837 0,58.629 47.698,106.327 106.327,106.327s106.326-47.698 106.326-106.327c0-71.169-96.055-211.882-100.144-217.837-1.397-2.037-3.71-3.255-6.181-3.255zm0,312.419c-50.358,0-91.327-40.969-91.327-91.327 0-56.606 69.872-167.393 91.327-200.073 21.455,32.68 91.326,143.466 91.326,200.073 5.68434e-14,50.358-40.969,91.327-91.326,91.327z\" data-original=\"#000000\" class=\"active-path\" fill=\"#FFFFFF\"><\/path><path d=\"m167.927,286.199c0,4.142 3.357,7.5 7.5,7.5 39.33,0 71.328-31.996 71.328-71.323 0-4.142-3.357-7.5-7.5-7.5s-7.5,3.358-7.5,7.5c0,31.057-25.269,56.323-56.328,56.323-4.143,0-7.5,3.358-7.5,7.5z\" data-original=\"#000000\" class=\"active-path\" fill=\"#FFFFFF\"><\/path><path d=\"m322.483,31.658h-14.574v-14.575c0-4.142-3.357-7.5-7.5-7.5s-7.5,3.358-7.5,7.5v14.575h-14.575c-4.143,0-7.5,3.358-7.5,7.5s3.357,7.5 7.5,7.5h14.575v14.575c0,4.142 3.357,7.5 7.5,7.5s7.5-3.358 7.5-7.5v-14.575h14.574c4.143,0 7.5-3.358 7.5-7.5s-3.357-7.5-7.5-7.5z\" data-original=\"#000000\" class=\"active-path\" fill=\"#FFFFFF\"><\/path><path d=\"m51.65,257.492h-14.575v-14.575c0-4.142-3.357-7.5-7.5-7.5s-7.5,3.358-7.5,7.5v14.575h-14.575c-4.143,0-7.5,3.358-7.5,7.5s3.357,7.5 7.5,7.5h14.575v14.575c0,4.142 3.357,7.5 7.5,7.5s7.5-3.358 7.5-7.5v-14.575h14.575c4.143,0 7.5-3.358 7.5-7.5s-3.357-7.5-7.5-7.5z\" data-original=\"#000000\" class=\"active-path\" fill=\"#FFFFFF\"><\/path><\/g><\/g><\/svg>\t\t\t<\/div>\n\t\t<\/div>\n\t\t\t\t\t\t<\/div>\n\t\t\t\t<\/div>\n\t\t\t\t\t<\/div>\n\t\t<\/div>\n\t\t\t\t\t<\/div>\n\t\t<\/section>\n\t\t\t\t<section class=\"elementor-section elementor-top-section elementor-element elementor-element-408bbec8 elementor-section-content-middle elementor-section-boxed elementor-section-height-default elementor-section-height-default\" data-id=\"408bbec8\" data-element_type=\"section\" data-e-type=\"section\">\n\t\t\t\t\t\t<div class=\"elementor-container elementor-column-gap-no\">\n\t\t\t\t\t<div class=\"elementor-column elementor-col-100 elementor-top-column elementor-element elementor-element-13e93734\" data-id=\"13e93734\" data-element_type=\"column\" data-e-type=\"column\">\n\t\t\t<div class=\"elementor-widget-wrap elementor-element-populated\">\n\t\t\t\t\t\t<section class=\"elementor-section elementor-inner-section elementor-element elementor-element-7862ef43 elementor-section-content-middle elementor-section-boxed elementor-section-height-default elementor-section-height-default\" data-id=\"7862ef43\" data-element_type=\"section\" data-e-type=\"section\">\n\t\t\t\t\t\t<div class=\"elementor-container elementor-column-gap-no\">\n\t\t\t\t\t<div class=\"elementor-column elementor-col-33 elementor-inner-column elementor-element elementor-element-70c3ff21\" data-id=\"70c3ff21\" data-element_type=\"column\" data-e-type=\"column\">\n\t\t\t<div class=\"elementor-widget-wrap elementor-element-populated\">\n\t\t\t\t\t\t<div class=\"elementor-element elementor-element-3d80c7f4 elementor-widget elementor-widget-image\" data-id=\"3d80c7f4\" data-element_type=\"widget\" data-e-type=\"widget\" data-widget_type=\"image.default\">\n\t\t\t\t<div class=\"elementor-widget-container\">\n\t\t\t\t\t\t\t\t\t\t\t\t\t\t\t<img fetchpriority=\"high\" decoding=\"async\" width=\"546\" height=\"393\" src=\"https:\/\/as-aseo.com\/wp-content\/uploads\/2019\/08\/quienessomos1.jpg\" class=\"attachment-large size-large wp-image-392\" alt=\"\" srcset=\"https:\/\/as-aseo.com\/wp-content\/uploads\/2019\/08\/quienessomos1.jpg 546w, https:\/\/as-aseo.com\/wp-content\/uploads\/2019\/08\/quienessomos1-300x216.jpg 300w\" sizes=\"(max-width: 546px) 100vw, 546px\" \/>\t\t\t\t\t\t\t\t\t\t\t\t\t\t\t<\/div>\n\t\t\t\t<\/div>\n\t\t\t\t\t<\/div>\n\t\t<\/div>\n\t\t\t\t<div class=\"elementor-column elementor-col-33 elementor-inner-column elementor-element elementor-element-25400aa6\" data-id=\"25400aa6\" data-element_type=\"column\" data-e-type=\"column\">\n\t\t\t<div class=\"elementor-widget-wrap elementor-element-populated\">\n\t\t\t\t\t\t<div class=\"elementor-element elementor-element-23bfcacf elementor-widget elementor-widget-heading\" data-id=\"23bfcacf\" data-element_type=\"widget\" data-e-type=\"widget\" data-widget_type=\"heading.default\">\n\t\t\t\t<div class=\"elementor-widget-container\">\n\t\t\t\t\t<h2 class=\"elementor-heading-title elementor-size-default\">Qu\u00edenes Somos<\/h2>\t\t\t\t<\/div>\n\t\t\t\t<\/div>\n\t\t\t\t<div class=\"elementor-element elementor-element-12d5d84a elementor-widget elementor-widget-text-editor\" data-id=\"12d5d84a\" data-element_type=\"widget\" data-e-type=\"widget\" data-widget_type=\"text-editor.default\">\n\t\t\t\t<div class=\"elementor-widget-container\">\n\t\t\t\t\t\t\t\t\t<p style=\"margin: 0cm 0cm 1.5pt 0cm;\"><span style=\"font-size: 10.5pt; font-family: 'Century Gothic',sans-serif; color: #2b2b2b;\">Una empresa dedicada a brindarle un servicio oportuno y especializado, contamos con talento humano id\u00f3neo, tecnolog\u00eda en productos, insumos y maquinar\u00eda para nuestro mejoramiento continuo, logrando calidad total en cada uno de nuestros servicios y plena satisfacci\u00f3n de nuestros clientes.<\/span><\/p>\t\t\t\t\t\t\t\t<\/div>\n\t\t\t\t<\/div>\n\t\t\t\t\t<\/div>\n\t\t<\/div>\n\t\t\t\t<div class=\"elementor-column elementor-col-33 elementor-inner-column elementor-element elementor-element-81b75d\" data-id=\"81b75d\" data-element_type=\"column\" data-e-type=\"column\">\n\t\t\t<div class=\"elementor-widget-wrap elementor-element-populated\">\n\t\t\t\t\t\t<div class=\"elementor-element elementor-element-3e97834a elementor-widget elementor-widget-image\" data-id=\"3e97834a\" data-element_type=\"widget\" data-e-type=\"widget\" data-widget_type=\"image.default\">\n\t\t\t\t<div class=\"elementor-widget-container\">\n\t\t\t\t\t\t\t\t\t\t\t\t\t\t\t<img decoding=\"async\" width=\"545\" height=\"398\" src=\"https:\/\/as-aseo.com\/wp-content\/uploads\/2019\/08\/fotoplaneacion.jpg\" class=\"attachment-large size-large wp-image-394\" alt=\"\" srcset=\"https:\/\/as-aseo.com\/wp-content\/uploads\/2019\/08\/fotoplaneacion.jpg 545w, https:\/\/as-aseo.com\/wp-content\/uploads\/2019\/08\/fotoplaneacion-300x219.jpg 300w\" sizes=\"(max-width: 545px) 100vw, 545px\" \/>\t\t\t\t\t\t\t\t\t\t\t\t\t\t\t<\/div>\n\t\t\t\t<\/div>\n\t\t\t\t\t<\/div>\n\t\t<\/div>\n\t\t\t\t\t<\/div>\n\t\t<\/section>\n\t\t\t\t<section class=\"elementor-section elementor-inner-section elementor-element elementor-element-2d64c82b elementor-section-content-middle elementor-section-boxed elementor-section-height-default elementor-section-height-default\" data-id=\"2d64c82b\" data-element_type=\"section\" data-e-type=\"section\">\n\t\t\t\t\t\t<div class=\"elementor-container elementor-column-gap-no\">\n\t\t\t\t\t<div class=\"elementor-column elementor-col-33 elementor-inner-column elementor-element elementor-element-50f63008\" data-id=\"50f63008\" data-element_type=\"column\" data-e-type=\"column\">\n\t\t\t<div class=\"elementor-widget-wrap elementor-element-populated\">\n\t\t\t\t\t\t<div class=\"elementor-element elementor-element-f5ff544 elementor-widget elementor-widget-heading\" data-id=\"f5ff544\" data-element_type=\"widget\" data-e-type=\"widget\" data-widget_type=\"heading.default\">\n\t\t\t\t<div class=\"elementor-widget-container\">\n\t\t\t\t\t<h2 class=\"elementor-heading-title elementor-size-default\">Nuestra Visi\u00f3n<\/h2>\t\t\t\t<\/div>\n\t\t\t\t<\/div>\n\t\t\t\t<div class=\"elementor-element elementor-element-3b3957a9 elementor-widget elementor-widget-text-editor\" data-id=\"3b3957a9\" data-element_type=\"widget\" data-e-type=\"widget\" data-widget_type=\"text-editor.default\">\n\t\t\t\t<div class=\"elementor-widget-container\">\n\t\t\t\t\t\t\t\t\t<p style=\"margin: 0cm 0cm 1.5pt 0cm;\"><span style=\"font-size: 10.5pt; font-family: 'Century Gothic',sans-serif; color: #2b2b2b;\">Ser la empresa l\u00edder en servicios de Aseo y Mantenimiento, ofreciendo a nuestros clientes, soluciones integrales y pr\u00e1cticas, enmarcadas en un contexto de calidad en procesos y seguridad industrial.<\/span><\/p>\t\t\t\t\t\t\t\t<\/div>\n\t\t\t\t<\/div>\n\t\t\t\t\t<\/div>\n\t\t<\/div>\n\t\t\t\t<div class=\"elementor-column elementor-col-33 elementor-inner-column elementor-element elementor-element-e5dbd36\" data-id=\"e5dbd36\" data-element_type=\"column\" data-e-type=\"column\">\n\t\t\t<div class=\"elementor-widget-wrap elementor-element-populated\">\n\t\t\t\t\t\t<div class=\"elementor-element elementor-element-75341420 elementor-widget elementor-widget-image\" data-id=\"75341420\" data-element_type=\"widget\" data-e-type=\"widget\" data-widget_type=\"image.default\">\n\t\t\t\t<div class=\"elementor-widget-container\">\n\t\t\t\t\t\t\t\t\t\t\t\t\t\t\t<img decoding=\"async\" width=\"656\" height=\"450\" src=\"https:\/\/as-aseo.com\/wp-content\/uploads\/2019\/08\/limpiadovidrios-1.jpg\" class=\"attachment-large size-large wp-image-398\" alt=\"\" srcset=\"https:\/\/as-aseo.com\/wp-content\/uploads\/2019\/08\/limpiadovidrios-1.jpg 656w, https:\/\/as-aseo.com\/wp-content\/uploads\/2019\/08\/limpiadovidrios-1-300x206.jpg 300w\" sizes=\"(max-width: 656px) 100vw, 656px\" \/>\t\t\t\t\t\t\t\t\t\t\t\t\t\t\t<\/div>\n\t\t\t\t<\/div>\n\t\t\t\t\t<\/div>\n\t\t<\/div>\n\t\t\t\t<div class=\"elementor-column elementor-col-33 elementor-inner-column elementor-element elementor-element-12df8ee1\" data-id=\"12df8ee1\" data-element_type=\"column\" data-e-type=\"column\">\n\t\t\t<div class=\"elementor-widget-wrap elementor-element-populated\">\n\t\t\t\t\t\t<div class=\"elementor-element elementor-element-6558c173 elementor-widget elementor-widget-heading\" data-id=\"6558c173\" data-element_type=\"widget\" data-e-type=\"widget\" data-widget_type=\"heading.default\">\n\t\t\t\t<div class=\"elementor-widget-container\">\n\t\t\t\t\t<h2 class=\"elementor-heading-title elementor-size-default\">Clean &amp; Safe home<\/h2>\t\t\t\t<\/div>\n\t\t\t\t<\/div>\n\t\t\t\t<div class=\"elementor-element elementor-element-410e0516 elementor-widget elementor-widget-text-editor\" data-id=\"410e0516\" data-element_type=\"widget\" data-e-type=\"widget\" data-widget_type=\"text-editor.default\">\n\t\t\t\t<div class=\"elementor-widget-container\">\n\t\t\t\t\t\t\t\t\t<p style=\"margin: 0cm 0cm 1.5pt 0cm;\"><span style=\"font-size: 10.5pt; font-family: 'Century Gothic',sans-serif; color: #2b2b2b;\">Brindar un soporte integral de servicios de Aseo y Mantenimiento con calidad total, optimizando e innovando nuestros procesos, con resultados reales que den plena satisfacci\u00f3n a cada uno de nuestros clientes.<\/span><\/p>\t\t\t\t\t\t\t\t<\/div>\n\t\t\t\t<\/div>\n\t\t\t\t\t<\/div>\n\t\t<\/div>\n\t\t\t\t\t<\/div>\n\t\t<\/section>\n\t\t\t\t\t<\/div>\n\t\t<\/div>\n\t\t\t\t\t<\/div>\n\t\t<\/section>\n\t\t\t\t<section class=\"elementor-section elementor-top-section elementor-element elementor-element-f967e4c elementor-section-boxed elementor-section-height-default elementor-section-height-default\" data-id=\"f967e4c\" data-element_type=\"section\" data-e-type=\"section\">\n\t\t\t\t\t\t<div class=\"elementor-container elementor-column-gap-default\">\n\t\t\t\t\t<div class=\"elementor-column elementor-col-100 elementor-top-column elementor-element elementor-element-d362de8\" data-id=\"d362de8\" data-element_type=\"column\" data-e-type=\"column\">\n\t\t\t<div class=\"elementor-widget-wrap elementor-element-populated\">\n\t\t\t\t\t\t<div class=\"elementor-element elementor-element-f7999fb elementor-widget-divider--view-line elementor-widget elementor-widget-divider\" data-id=\"f7999fb\" data-element_type=\"widget\" data-e-type=\"widget\" data-widget_type=\"divider.default\">\n\t\t\t\t<div class=\"elementor-widget-container\">\n\t\t\t\t\t\t\t<div class=\"elementor-divider\">\n\t\t\t<span class=\"elementor-divider-separator\">\n\t\t\t\t\t\t<\/span>\n\t\t<\/div>\n\t\t\t\t\t\t<\/div>\n\t\t\t\t<\/div>\n\t\t\t\t\t<\/div>\n\t\t<\/div>\n\t\t\t\t\t<\/div>\n\t\t<\/section>\n\t\t\t\t<\/div>\n\t\t","protected":false},"excerpt":{"rendered":"<p>Qu\u00edenes Somos Una empresa dedicada a brindarle un servicio oportuno y especializado, contamos con talento humano id\u00f3neo, tecnolog\u00eda en productos, insumos y maquinar\u00eda para nuestro mejoramiento continuo, logrando calidad total en cada uno de nuestros servicios y plena satisfacci\u00f3n de nuestros clientes. Nuestra Visi\u00f3n Ser la empresa l\u00edder en servicios de Aseo y Mantenimiento, ofreciendo [&hellip;]<\/p>\n","protected":false},"author":1,"featured_media":0,"parent":0,"menu_order":0,"comment_status":"closed","ping_status":"closed","template":"elementor_header_footer","meta":{"_monsterinsights_skip_tracking":false,"_monsterinsights_sitenote_active":false,"_monsterinsights_sitenote_note":"","_monsterinsights_sitenote_category":0,"ocean_post_layout":"","ocean_both_sidebars_style":"","ocean_both_sidebars_content_width":0,"ocean_both_sidebars_sidebars_width":0,"ocean_sidebar":"0","ocean_second_sidebar":"0","ocean_disable_margins":"enable","ocean_add_body_class":"","ocean_shortcode_before_top_bar":"","ocean_shortcode_after_top_bar":"","ocean_shortcode_before_header":"","ocean_shortcode_after_header":"","ocean_has_shortcode":"","ocean_shortcode_after_title":"","ocean_shortcode_before_footer_widgets":"","ocean_shortcode_after_footer_widgets":"","ocean_shortcode_before_footer_bottom":"","ocean_shortcode_after_footer_bottom":"","ocean_display_top_bar":"default","ocean_display_header":"default","ocean_header_style":"","ocean_center_header_left_menu":"0","ocean_custom_header_template":"0","ocean_custom_logo":0,"ocean_custom_retina_logo":0,"ocean_custom_logo_max_width":0,"ocean_custom_logo_tablet_max_width":0,"ocean_custom_logo_mobile_max_width":0,"ocean_custom_logo_max_height":0,"ocean_custom_logo_tablet_max_height":0,"ocean_custom_logo_mobile_max_height":0,"ocean_header_custom_menu":"0","ocean_menu_typo_font_family":"0","ocean_menu_typo_font_subset":"","ocean_menu_typo_font_size":0,"ocean_menu_typo_font_size_tablet":0,"ocean_menu_typo_font_size_mobile":0,"ocean_menu_typo_font_size_unit":"px","ocean_menu_typo_font_weight":"","ocean_menu_typo_font_weight_tablet":"","ocean_menu_typo_font_weight_mobile":"","ocean_menu_typo_transform":"","ocean_menu_typo_transform_tablet":"","ocean_menu_typo_transform_mobile":"","ocean_menu_typo_line_height":0,"ocean_menu_typo_line_height_tablet":0,"ocean_menu_typo_line_height_mobile":0,"ocean_menu_typo_line_height_unit":"","ocean_menu_typo_spacing":0,"ocean_menu_typo_spacing_tablet":0,"ocean_menu_typo_spacing_mobile":0,"ocean_menu_typo_spacing_unit":"","ocean_menu_link_color":"","ocean_menu_link_color_hover":"","ocean_menu_link_color_active":"","ocean_menu_link_background":"","ocean_menu_link_hover_background":"","ocean_menu_link_active_background":"","ocean_menu_social_links_bg":"","ocean_menu_social_hover_links_bg":"","ocean_menu_social_links_color":"","ocean_menu_social_hover_links_color":"","ocean_disable_title":"default","ocean_disable_heading":"default","ocean_post_title":"","ocean_post_subheading":"","ocean_post_title_style":"","ocean_post_title_background_color":"","ocean_post_title_background":0,"ocean_post_title_bg_image_position":"","ocean_post_title_bg_image_attachment":"","ocean_post_title_bg_image_repeat":"","ocean_post_title_bg_image_size":"","ocean_post_title_height":0,"ocean_post_title_bg_overlay":0.5,"ocean_post_title_bg_overlay_color":"","ocean_disable_breadcrumbs":"default","ocean_breadcrumbs_color":"","ocean_breadcrumbs_separator_color":"","ocean_breadcrumbs_links_color":"","ocean_breadcrumbs_links_hover_color":"","ocean_display_footer_widgets":"default","ocean_display_footer_bottom":"default","ocean_custom_footer_template":"0","footnotes":""},"class_list":["post-277","page","type-page","status-publish","hentry","entry"],"yoast_head":"<!-- This site is optimized with the Yoast SEO plugin v27.4 - https:\/\/yoast.com\/product\/yoast-seo-wordpress\/ -->\n<title>Nosotros &#8211; Limpieza de Vidrios - Lavado de Fachadas Bogot\u00e1 - As Aseo<\/title>\n<meta name=\"robots\" content=\"index, follow, max-snippet:-1, max-image-preview:large, max-video-preview:-1\" \/>\n<link rel=\"canonical\" href=\"https:\/\/as-aseo.com\/index.php\/nosotros\/\" \/>\n<meta property=\"og:locale\" content=\"es_ES\" \/>\n<meta property=\"og:type\" content=\"article\" \/>\n<meta property=\"og:title\" content=\"Nosotros &#8211; Limpieza de Vidrios - Lavado de Fachadas Bogot\u00e1 - As Aseo\" \/>\n<meta property=\"og:description\" content=\"Qu\u00edenes Somos Una empresa dedicada a brindarle un servicio oportuno y especializado, contamos con talento humano id\u00f3neo, tecnolog\u00eda en productos, insumos y maquinar\u00eda para nuestro mejoramiento continuo, logrando calidad total en cada uno de nuestros servicios y plena satisfacci\u00f3n de nuestros clientes. Nuestra Visi\u00f3n Ser la empresa l\u00edder en servicios de Aseo y Mantenimiento, ofreciendo [&hellip;]\" \/>\n<meta property=\"og:url\" content=\"https:\/\/as-aseo.com\/index.php\/nosotros\/\" \/>\n<meta property=\"og:site_name\" content=\"Limpieza de Vidrios - Lavado de Fachadas Bogot\u00e1 - As Aseo\" \/>\n<meta property=\"article:publisher\" content=\"https:\/\/www.facebook.com\/asaseosas\/notifications\/\" \/>\n<meta property=\"article:modified_time\" content=\"2019-09-28T15:25:44+00:00\" \/>\n<meta property=\"og:image\" content=\"http:\/\/as-aseo.com\/wp-content\/uploads\/2019\/08\/quienessomos1.jpg\" \/>\n<meta name=\"twitter:card\" content=\"summary_large_image\" \/>\n<meta name=\"twitter:label1\" content=\"Tiempo de lectura\" \/>\n\t<meta name=\"twitter:data1\" content=\"1 minuto\" \/>\n<script type=\"application\/ld+json\" class=\"yoast-schema-graph\">{\"@context\":\"https:\\\/\\\/schema.org\",\"@graph\":[{\"@type\":\"WebPage\",\"@id\":\"https:\\\/\\\/as-aseo.com\\\/index.php\\\/nosotros\\\/\",\"url\":\"https:\\\/\\\/as-aseo.com\\\/index.php\\\/nosotros\\\/\",\"name\":\"Nosotros &#8211; Limpieza de Vidrios - Lavado de Fachadas Bogot\u00e1 - As Aseo\",\"isPartOf\":{\"@id\":\"https:\\\/\\\/as-aseo.com\\\/#website\"},\"primaryImageOfPage\":{\"@id\":\"https:\\\/\\\/as-aseo.com\\\/index.php\\\/nosotros\\\/#primaryimage\"},\"image\":{\"@id\":\"https:\\\/\\\/as-aseo.com\\\/index.php\\\/nosotros\\\/#primaryimage\"},\"thumbnailUrl\":\"http:\\\/\\\/as-aseo.com\\\/wp-content\\\/uploads\\\/2019\\\/08\\\/quienessomos1.jpg\",\"datePublished\":\"2019-08-14T14:11:58+00:00\",\"dateModified\":\"2019-09-28T15:25:44+00:00\",\"breadcrumb\":{\"@id\":\"https:\\\/\\\/as-aseo.com\\\/index.php\\\/nosotros\\\/#breadcrumb\"},\"inLanguage\":\"es\",\"potentialAction\":[{\"@type\":\"ReadAction\",\"target\":[\"https:\\\/\\\/as-aseo.com\\\/index.php\\\/nosotros\\\/\"]}]},{\"@type\":\"ImageObject\",\"inLanguage\":\"es\",\"@id\":\"https:\\\/\\\/as-aseo.com\\\/index.php\\\/nosotros\\\/#primaryimage\",\"url\":\"https:\\\/\\\/as-aseo.com\\\/wp-content\\\/uploads\\\/2019\\\/08\\\/quienessomos1.jpg\",\"contentUrl\":\"https:\\\/\\\/as-aseo.com\\\/wp-content\\\/uploads\\\/2019\\\/08\\\/quienessomos1.jpg\",\"width\":546,\"height\":393},{\"@type\":\"BreadcrumbList\",\"@id\":\"https:\\\/\\\/as-aseo.com\\\/index.php\\\/nosotros\\\/#breadcrumb\",\"itemListElement\":[{\"@type\":\"ListItem\",\"position\":1,\"name\":\"Portada\",\"item\":\"https:\\\/\\\/as-aseo.com\\\/\"},{\"@type\":\"ListItem\",\"position\":2,\"name\":\"Nosotros\"}]},{\"@type\":\"WebSite\",\"@id\":\"https:\\\/\\\/as-aseo.com\\\/#website\",\"url\":\"https:\\\/\\\/as-aseo.com\\\/\",\"name\":\"Lavado de fachadas Bogot\u00e1 As Aseo\",\"description\":\"MANTENIMIENTO DE FACHADAS\",\"publisher\":{\"@id\":\"https:\\\/\\\/as-aseo.com\\\/#organization\"},\"potentialAction\":[{\"@type\":\"SearchAction\",\"target\":{\"@type\":\"EntryPoint\",\"urlTemplate\":\"https:\\\/\\\/as-aseo.com\\\/?s={search_term_string}\"},\"query-input\":{\"@type\":\"PropertyValueSpecification\",\"valueRequired\":true,\"valueName\":\"search_term_string\"}}],\"inLanguage\":\"es\"},{\"@type\":\"Organization\",\"@id\":\"https:\\\/\\\/as-aseo.com\\\/#organization\",\"name\":\"LAVADO FACHADAS BOGOTA\",\"url\":\"https:\\\/\\\/as-aseo.com\\\/\",\"logo\":{\"@type\":\"ImageObject\",\"inLanguage\":\"es\",\"@id\":\"https:\\\/\\\/as-aseo.com\\\/#\\\/schema\\\/logo\\\/image\\\/\",\"url\":\"http:\\\/\\\/as-aseo.com\\\/wp-content\\\/uploads\\\/2020\\\/06\\\/AS-ASEO-LOGO.gif\",\"contentUrl\":\"http:\\\/\\\/as-aseo.com\\\/wp-content\\\/uploads\\\/2020\\\/06\\\/AS-ASEO-LOGO.gif\",\"width\":157,\"height\":90,\"caption\":\"LAVADO FACHADAS BOGOTA\"},\"image\":{\"@id\":\"https:\\\/\\\/as-aseo.com\\\/#\\\/schema\\\/logo\\\/image\\\/\"},\"sameAs\":[\"https:\\\/\\\/www.facebook.com\\\/asaseosas\\\/notifications\\\/\",\"http:\\\/\\\/as-aseo.com\\\/\",\"https:\\\/\\\/www.youtube.com\\\/channel\\\/UCV3Z2CfcTwpHy3vOxj_d98A\"]}]}<\/script>\n<!-- \/ Yoast SEO plugin. -->","yoast_head_json":{"title":"Nosotros &#8211; Limpieza de Vidrios - Lavado de Fachadas Bogot\u00e1 - As Aseo","robots":{"index":"index","follow":"follow","max-snippet":"max-snippet:-1","max-image-preview":"max-image-preview:large","max-video-preview":"max-video-preview:-1"},"canonical":"https:\/\/as-aseo.com\/index.php\/nosotros\/","og_locale":"es_ES","og_type":"article","og_title":"Nosotros &#8211; Limpieza de Vidrios - Lavado de Fachadas Bogot\u00e1 - As Aseo","og_description":"Qu\u00edenes Somos Una empresa dedicada a brindarle un servicio oportuno y especializado, contamos con talento humano id\u00f3neo, tecnolog\u00eda en productos, insumos y maquinar\u00eda para nuestro mejoramiento continuo, logrando calidad total en cada uno de nuestros servicios y plena satisfacci\u00f3n de nuestros clientes. Nuestra Visi\u00f3n Ser la empresa l\u00edder en servicios de Aseo y Mantenimiento, ofreciendo [&hellip;]","og_url":"https:\/\/as-aseo.com\/index.php\/nosotros\/","og_site_name":"Limpieza de Vidrios - Lavado de Fachadas Bogot\u00e1 - As Aseo","article_publisher":"https:\/\/www.facebook.com\/asaseosas\/notifications\/","article_modified_time":"2019-09-28T15:25:44+00:00","og_image":[{"url":"http:\/\/as-aseo.com\/wp-content\/uploads\/2019\/08\/quienessomos1.jpg","type":"","width":"","height":""}],"twitter_card":"summary_large_image","twitter_misc":{"Tiempo de lectura":"1 minuto"},"schema":{"@context":"https:\/\/schema.org","@graph":[{"@type":"WebPage","@id":"https:\/\/as-aseo.com\/index.php\/nosotros\/","url":"https:\/\/as-aseo.com\/index.php\/nosotros\/","name":"Nosotros &#8211; Limpieza de Vidrios - Lavado de Fachadas Bogot\u00e1 - As Aseo","isPartOf":{"@id":"https:\/\/as-aseo.com\/#website"},"primaryImageOfPage":{"@id":"https:\/\/as-aseo.com\/index.php\/nosotros\/#primaryimage"},"image":{"@id":"https:\/\/as-aseo.com\/index.php\/nosotros\/#primaryimage"},"thumbnailUrl":"http:\/\/as-aseo.com\/wp-content\/uploads\/2019\/08\/quienessomos1.jpg","datePublished":"2019-08-14T14:11:58+00:00","dateModified":"2019-09-28T15:25:44+00:00","breadcrumb":{"@id":"https:\/\/as-aseo.com\/index.php\/nosotros\/#breadcrumb"},"inLanguage":"es","potentialAction":[{"@type":"ReadAction","target":["https:\/\/as-aseo.com\/index.php\/nosotros\/"]}]},{"@type":"ImageObject","inLanguage":"es","@id":"https:\/\/as-aseo.com\/index.php\/nosotros\/#primaryimage","url":"https:\/\/as-aseo.com\/wp-content\/uploads\/2019\/08\/quienessomos1.jpg","contentUrl":"https:\/\/as-aseo.com\/wp-content\/uploads\/2019\/08\/quienessomos1.jpg","width":546,"height":393},{"@type":"BreadcrumbList","@id":"https:\/\/as-aseo.com\/index.php\/nosotros\/#breadcrumb","itemListElement":[{"@type":"ListItem","position":1,"name":"Portada","item":"https:\/\/as-aseo.com\/"},{"@type":"ListItem","position":2,"name":"Nosotros"}]},{"@type":"WebSite","@id":"https:\/\/as-aseo.com\/#website","url":"https:\/\/as-aseo.com\/","name":"Lavado de fachadas Bogot\u00e1 As Aseo","description":"MANTENIMIENTO DE FACHADAS","publisher":{"@id":"https:\/\/as-aseo.com\/#organization"},"potentialAction":[{"@type":"SearchAction","target":{"@type":"EntryPoint","urlTemplate":"https:\/\/as-aseo.com\/?s={search_term_string}"},"query-input":{"@type":"PropertyValueSpecification","valueRequired":true,"valueName":"search_term_string"}}],"inLanguage":"es"},{"@type":"Organization","@id":"https:\/\/as-aseo.com\/#organization","name":"LAVADO FACHADAS BOGOTA","url":"https:\/\/as-aseo.com\/","logo":{"@type":"ImageObject","inLanguage":"es","@id":"https:\/\/as-aseo.com\/#\/schema\/logo\/image\/","url":"http:\/\/as-aseo.com\/wp-content\/uploads\/2020\/06\/AS-ASEO-LOGO.gif","contentUrl":"http:\/\/as-aseo.com\/wp-content\/uploads\/2020\/06\/AS-ASEO-LOGO.gif","width":157,"height":90,"caption":"LAVADO FACHADAS BOGOTA"},"image":{"@id":"https:\/\/as-aseo.com\/#\/schema\/logo\/image\/"},"sameAs":["https:\/\/www.facebook.com\/asaseosas\/notifications\/","http:\/\/as-aseo.com\/","https:\/\/www.youtube.com\/channel\/UCV3Z2CfcTwpHy3vOxj_d98A"]}]}},"_links":{"self":[{"href":"https:\/\/as-aseo.com\/index.php\/wp-json\/wp\/v2\/pages\/277","targetHints":{"allow":["GET"]}}],"collection":[{"href":"https:\/\/as-aseo.com\/index.php\/wp-json\/wp\/v2\/pages"}],"about":[{"href":"https:\/\/as-aseo.com\/index.php\/wp-json\/wp\/v2\/types\/page"}],"author":[{"embeddable":true,"href":"https:\/\/as-aseo.com\/index.php\/wp-json\/wp\/v2\/users\/1"}],"replies":[{"embeddable":true,"href":"https:\/\/as-aseo.com\/index.php\/wp-json\/wp\/v2\/comments?post=277"}],"version-history":[{"count":11,"href":"https:\/\/as-aseo.com\/index.php\/wp-json\/wp\/v2\/pages\/277\/revisions"}],"predecessor-version":[{"id":611,"href":"https:\/\/as-aseo.com\/index.php\/wp-json\/wp\/v2\/pages\/277\/revisions\/611"}],"wp:attachment":[{"href":"https:\/\/as-aseo.com\/index.php\/wp-json\/wp\/v2\/media?parent=277"}],"curies":[{"name":"wp","href":"https:\/\/api.w.org\/{rel}","templated":true}]}}